{"id":15,"date":"2018-05-19T12:01:43","date_gmt":"2018-05-19T15:01:43","guid":{"rendered":"https:\/\/mightypumps.com\/?page_id=15"},"modified":"2018-05-19T12:01:43","modified_gmt":"2018-05-19T15:01:43","slug":"jet-prime","status":"publish","type":"page","link":"https:\/\/mightypumps.com\/br\/catalogo-de-bombas\/jet-prime\/","title":{"rendered":"Jet Prime"},"content":{"rendered":"<p>[vc_row][vc_column css=&#8221;.vc_custom_1527458205277{margin-bottom: 0px !important;}&#8221;][rev_slider_vc alias=&#8221;jet-prime-pumps&#8221;][\/vc_column][\/vc_row][vc_row css=&#8221;.vc_custom_1527460070328{background-color: #12acaa !important;}&#8221; el_class=&#8221;box-features&#8221;][vc_column css=&#8221;.vc_custom_1527461638048{padding-top: 40px !important;padding-bottom: 80px !important;}&#8221;][vc_custom_heading text=&#8221;Features&#8221; font_container=&#8221;tag:h1|font_size:49px|text_align:center|color:%23ffffff|line_height:55px&#8221; google_fonts=&#8221;font_family:Open%20Sans%3A300%2C300italic%2Cregular%2Citalic%2C600%2C600italic%2C700%2C700italic%2C800%2C800italic|font_style:800%20bold%20regular%3A800%3Anormal&#8221;][vc_row_inner equal_height=&#8221;yes&#8221; el_class=&#8221;content&#8221; css=&#8221;.vc_custom_1527461519839{margin-top: 44px !important;}&#8221;][vc_column_inner width=&#8221;1\/3&#8243;][vc_column_text css=&#8221;.vc_custom_1548960121339{margin-bottom: 0px !important;}&#8221;]<img loading=\"lazy\" src=\"https:\/\/mightypumps.com\/wp-content\/uploads\/2018\/05\/ico-prime.png\" alt=\"\" width=\"77\" height=\"77\" \/><\/p>\n<p><strong>JET PRIME<\/strong><\/p>\n<p>Sistema succiona ar e l\u00edquidos simultaneamente, prime e re-prime completamente sem necessidade de aten\u00e7\u00e3o;[\/vc_column_text][\/vc_column_inner][vc_column_inner width=&#8221;1\/3&#8243;][vc_column_text css=&#8221;.vc_custom_1549027025915{margin-bottom: 0px !important;}&#8221;]<img loading=\"lazy\" src=\"https:\/\/mightypumps.com\/wp-content\/uploads\/2018\/05\/ico-bath.png\" alt=\"\" width=\"77\" height=\"77\" \/><\/p>\n<p><strong>BANHO DE \u00d3LEO<\/strong><\/p>\n<p>Alimenta o selo mec\u00e2nico com \u00f3leo a frio para que estes sigam rodando a seco.[\/vc_column_text][\/vc_column_inner][vc_column_inner width=&#8221;1\/3&#8243;][vc_column_text css=&#8221;.vc_custom_1549027056235{margin-bottom: 0px !important;}&#8221;]<strong><img loading=\"lazy\" class=\"alignnone size-full wp-image-699\" src=\"https:\/\/mightypumps.com\/wp-content\/uploads\/2018\/07\/ico-containers2.png\" alt=\"\" width=\"77\" height=\"77\" \/><\/strong><\/p>\n<p><strong>CONTAINERS ANTE-RU\u00cdDO<\/strong><\/p>\n<p>Protegem a bomba do meio ambiente externo e o meio ambiente da bomba, reduzindo n\u00edveis de ru\u00eddo.[\/vc_column_text][\/vc_column_inner][\/vc_row_inner][vc_row_inner equal_height=&#8221;yes&#8221; el_class=&#8221;content&#8221; css=&#8221;.vc_custom_1527461528062{margin-top: 84px !important;}&#8221;][vc_column_inner width=&#8221;1\/3&#8243;][vc_column_text css=&#8221;.vc_custom_1549027109310{margin-bottom: 0px !important;}&#8221;]<img loading=\"lazy\" src=\"https:\/\/mightypumps.com\/wp-content\/uploads\/2018\/05\/ico-proof.png\" alt=\"\" width=\"77\" height=\"77\" \/><\/p>\n<p><strong>A\u00c7O INOXID\u00c1VEL A PROVA DE STRESS<\/strong><\/p>\n<p>Eixos com a inovadora tecnologia Cycloseal\u00ae (carboneto de tungst\u00eanio vs. carboneto de sil\u00edcio ou faces de carbono vs. cer\u00e2mica) extendendo a vida \u00fatil do eixo em pelo menos 3 vezes.[\/vc_column_text][\/vc_column_inner][vc_column_inner width=&#8221;1\/3&#8243;][vc_column_text css=&#8221;.vc_custom_1549027153318{margin-bottom: 0px !important;}&#8221;]<strong><img loading=\"lazy\" class=\"alignnone size-full wp-image-690\" src=\"https:\/\/mightypumps.com\/wp-content\/uploads\/2018\/07\/ico-monit.png\" alt=\"\" width=\"77\" height=\"77\" \/><\/strong><\/p>\n<p><strong>MONITORAMENTO REMOTO<\/strong><\/p>\n<p>Com updates ao vivo que incluem posicionamento global da bomba, press\u00e3o na sa\u00edda de fluxo, RPM da bomba, dados de engenharia e manuten\u00e7\u00e3o de data e acesso.[\/vc_column_text][\/vc_column_inner][vc_column_inner width=&#8221;1\/3&#8243;][vc_column_text css=&#8221;.vc_custom_1549027173784{margin-bottom: 0px !important;}&#8221;]<img loading=\"lazy\" src=\"https:\/\/mightypumps.com\/wp-content\/uploads\/2018\/05\/ico-design.png\" alt=\"\" width=\"77\" height=\"77\" \/><\/p>\n<p><strong>DESIGN EFICIENTE<\/strong><\/p>\n<p>Nossas bombas s\u00e3o projetadas para confiabilidade, efici\u00eancia de combust\u00edvel, mobilidade e manuten\u00e7\u00e3o simples.[\/vc_column_text][\/vc_column_inner][\/vc_row_inner][\/vc_column][\/vc_row][vc_row el_class=&#8221;content box-list-pumps&#8221;][vc_column css=&#8221;.vc_custom_1527468841900{padding-top: 75px !important;}&#8221;][vc_custom_heading text=&#8221;Conhe\u00e7a Nossas Bombas Jet Prime&#8221; font_container=&#8221;tag:h1|font_size:48px|text_align:center|color:%23231f20|line_height:55px&#8221; google_fonts=&#8221;font_family:Open%20Sans%3A300%2C300italic%2Cregular%2Citalic%2C600%2C600italic%2C700%2C700italic%2C800%2C800italic|font_style:800%20bold%20regular%3A800%3Anormal&#8221;][vc_column_text]<\/p>\n<p style=\"text-align: center\">Dispon\u00edvel em Diesel ou El\u00e9tricas.<\/p>\n<p>[\/vc_column_text]<ul class=\"list-pumps\"><li>\n          <figure>\n            <img src=\"\">\n          <\/figure>\n\n          <div>\n            <h3>Cornell Trash Pumps<\/h3>\n            <span>The CP Series Pumps move large volumes of water. Variety of pump applications including sewage, liquids, sludge and liquids with solids.<\/span>\n            <a href=\"https:\/\/mightypumps.com\/br\/catalogs\/jet-prime\/cornell-trash-pumps\/\" class=\"btn\" title=\"View More\">View More<\/a>\n          <\/div>\n        <\/li><li>\n          <figure>\n            <img src=\"\">\n          <\/figure>\n\n          <div>\n            <h3>Dewatering Trash Pumps<\/h3>\n            <span>Dewatering trash pumps can move large volumes of liquids and large\nvolumes of solids. Variety of pump applications including sewage, liquids, sludge and liquids with solids.<\/span>\n            <a href=\"https:\/\/mightypumps.com\/br\/catalogs\/jet-prime\/dewatering-trash-pumps\/\" class=\"btn\" title=\"View More\">View More<\/a>\n          <\/div>\n        <\/li><li>\n          <figure>\n            <img src=\"\">\n          <\/figure>\n\n          <div>\n            <h3>High Head Trash Pumps<\/h3>\n            <span>High Head Trash Pumps have more horsepower to move large volumes\nof liquids and solids to higher heads. Variety of pump applications including sewage, liquids, sludge and liquids with solids.<\/span>\n            <a href=\"https:\/\/mightypumps.com\/br\/catalogs\/jet-prime\/high-head-trash-pumps\/\" class=\"btn\" title=\"View More\">View More<\/a>\n          <\/div>\n        <\/li><li>\n          <figure>\n            <img src=\"\">\n          <\/figure>\n\n          <div>\n            <h3>Ultra-High Head Trash Pumps<\/h3>\n            <span>Ultra High Head Trash Pumps for ultra high head jobs with very few solids.\nVariety of pump applications including sewage, liquids, sludge and liquids with solids.<\/span>\n            <a href=\"https:\/\/mightypumps.com\/br\/catalogs\/jet-prime\/ultra-high-head-trash-pumps\/\" class=\"btn\" title=\"View More\">View More<\/a>\n          <\/div>\n        <\/li><\/ul>[\/vc_column][\/vc_row]<\/p>\n","protected":false},"excerpt":{"rendered":"<p>[vc_row][vc_column css=&#8221;.vc_custom_1527458205277{margin-bottom: 0px !important;}&#8221;][rev_slider_vc alias=&#8221;jet-prime-pumps&#8221;][\/vc_column][\/vc_row][vc_row css=&#8221;.vc_custom_1527460070328{background-color: #12acaa !important;}&#8221; el_class=&#8221;box-features&#8221;][vc_column css=&#8221;.vc_custom_1527461638048{padding-top: 40px !important;padding-bottom: 80px !important;}&#8221;][vc_custom_heading text=&#8221;Features&#8221; font_container=&#8221;tag:h1|font_size:49px|text_align:center|color:%23ffffff|line_height:55px&#8221; google_fonts=&#8221;font_family:Open%20Sans%3A300%2C300italic%2Cregular%2Citalic%2C600%2C600italic%2C700%2C700italic%2C800%2C800italic|font_style:800%20bold%20regular%3A800%3Anormal&#8221;][vc_row_inner equal_height=&#8221;yes&#8221; el_class=&#8221;content&#8221; css=&#8221;.vc_custom_1527461519839{margin-top: 44px !important;}&#8221;][vc_column_inner width=&#8221;1\/3&#8243;][vc_column_text css=&#8221;.vc_custom_1548960121339{margin-bottom: 0px !important;}&#8221;] JET PRIME Sistema succiona ar e l\u00edquidos simultaneamente, prime e re-prime completamente sem necessidade de aten\u00e7\u00e3o;[\/vc_column_text][\/vc_column_inner][vc_column_inner width=&#8221;1\/3&#8243;][vc_column_text css=&#8221;.vc_custom_1549027025915{margin-bottom: 0px !important;}&#8221;] BANHO DE \u00d3LEO Alimenta o selo mec\u00e2nico com \u00f3leo [&hellip;]<\/p>\n","protected":false},"author":4,"featured_media":0,"parent":13,"menu_order":0,"comment_status":"closed","ping_status":"closed","template":"","meta":[],"yoast_head":"<!-- This site is optimized with the Yoast SEO plugin v16.1.1 - https:\/\/yoast.com\/wordpress\/plugins\/seo\/ -->\n<link rel=\"canonical\" href=\"https:\/\/mightypumps.com\/br\/catalogo-de-bombas\/jet-prime\/\" \/>\n<meta property=\"og:locale\" content=\"pt_BR\" \/>\n<meta property=\"og:type\" content=\"article\" \/>\n<meta property=\"og:title\" content=\"Jet Prime - Mighty Pumps Brasil\" \/>\n<meta property=\"og:description\" content=\"[vc_row][vc_column css=&#8221;.vc_custom_1527458205277{margin-bottom: 0px !important;}&#8221;][rev_slider_vc alias=&#8221;jet-prime-pumps&#8221;][\/vc_column][\/vc_row][vc_row css=&#8221;.vc_custom_1527460070328{background-color: #12acaa !important;}&#8221; el_class=&#8221;box-features&#8221;][vc_column css=&#8221;.vc_custom_1527461638048{padding-top: 40px !important;padding-bottom: 80px !important;}&#8221;][vc_custom_heading text=&#8221;Features&#8221; font_container=&#8221;tag:h1|font_size:49px|text_align:center|color:%23ffffff|line_height:55px&#8221; google_fonts=&#8221;font_family:Open%20Sans%3A300%2C300italic%2Cregular%2Citalic%2C600%2C600italic%2C700%2C700italic%2C800%2C800italic|font_style:800%20bold%20regular%3A800%3Anormal&#8221;][vc_row_inner equal_height=&#8221;yes&#8221; el_class=&#8221;content&#8221; css=&#8221;.vc_custom_1527461519839{margin-top: 44px !important;}&#8221;][vc_column_inner width=&#8221;1\/3&#8243;][vc_column_text css=&#8221;.vc_custom_1548960121339{margin-bottom: 0px !important;}&#8221;] JET PRIME Sistema succiona ar e l\u00edquidos simultaneamente, prime e re-prime completamente sem necessidade de aten\u00e7\u00e3o;[\/vc_column_text][\/vc_column_inner][vc_column_inner width=&#8221;1\/3&#8243;][vc_column_text css=&#8221;.vc_custom_1549027025915{margin-bottom: 0px !important;}&#8221;] BANHO DE \u00d3LEO Alimenta o selo mec\u00e2nico com \u00f3leo [&hellip;]\" \/>\n<meta property=\"og:url\" content=\"https:\/\/mightypumps.com\/br\/catalogo-de-bombas\/jet-prime\/\" \/>\n<meta property=\"og:site_name\" content=\"Mighty Pumps Brasil\" \/>\n<meta property=\"og:image\" content=\"https:\/\/mightypumps.com\/wp-content\/uploads\/2018\/05\/ico-prime.png\" \/>\n<meta name=\"twitter:card\" content=\"summary_large_image\" \/>\n<meta name=\"twitter:label1\" content=\"Est. tempo de leitura\">\n\t<meta name=\"twitter:data1\" content=\"2 minutos\">\n<script type=\"application\/ld+json\" class=\"yoast-schema-graph\">{\"@context\":\"https:\/\/schema.org\",\"@graph\":[{\"@type\":\"WebSite\",\"@id\":\"https:\/\/mightypumps.com\/br\/#website\",\"url\":\"https:\/\/mightypumps.com\/br\/\",\"name\":\"Mighty Pumps Brasil\",\"description\":\"\",\"potentialAction\":[{\"@type\":\"SearchAction\",\"target\":\"https:\/\/mightypumps.com\/br\/?s={search_term_string}\",\"query-input\":\"required name=search_term_string\"}],\"inLanguage\":\"pt-BR\"},{\"@type\":\"ImageObject\",\"@id\":\"https:\/\/mightypumps.com\/br\/catalogo-de-bombas\/jet-prime\/#primaryimage\",\"inLanguage\":\"pt-BR\",\"url\":\"https:\/\/mightypumps.com\/wp-content\/uploads\/2018\/05\/ico-prime.png\",\"contentUrl\":\"https:\/\/mightypumps.com\/wp-content\/uploads\/2018\/05\/ico-prime.png\"},{\"@type\":\"WebPage\",\"@id\":\"https:\/\/mightypumps.com\/br\/catalogo-de-bombas\/jet-prime\/#webpage\",\"url\":\"https:\/\/mightypumps.com\/br\/catalogo-de-bombas\/jet-prime\/\",\"name\":\"Jet Prime - Mighty Pumps Brasil\",\"isPartOf\":{\"@id\":\"https:\/\/mightypumps.com\/br\/#website\"},\"primaryImageOfPage\":{\"@id\":\"https:\/\/mightypumps.com\/br\/catalogo-de-bombas\/jet-prime\/#primaryimage\"},\"datePublished\":\"2018-05-19T15:01:43+00:00\",\"dateModified\":\"2018-05-19T15:01:43+00:00\",\"breadcrumb\":{\"@id\":\"https:\/\/mightypumps.com\/br\/catalogo-de-bombas\/jet-prime\/#breadcrumb\"},\"inLanguage\":\"pt-BR\",\"potentialAction\":[{\"@type\":\"ReadAction\",\"target\":[\"https:\/\/mightypumps.com\/br\/catalogo-de-bombas\/jet-prime\/\"]}]},{\"@type\":\"BreadcrumbList\",\"@id\":\"https:\/\/mightypumps.com\/br\/catalogo-de-bombas\/jet-prime\/#breadcrumb\",\"itemListElement\":[{\"@type\":\"ListItem\",\"position\":1,\"item\":{\"@type\":\"WebPage\",\"@id\":\"https:\/\/mightypumps.com\/br\/\",\"url\":\"https:\/\/mightypumps.com\/br\/\",\"name\":\"In\\u00edcio\"}},{\"@type\":\"ListItem\",\"position\":2,\"item\":{\"@type\":\"WebPage\",\"@id\":\"https:\/\/mightypumps.com\/br\/catalogo-de-bombas\/\",\"url\":\"https:\/\/mightypumps.com\/br\/catalogo-de-bombas\/\",\"name\":\"Cat\\u00e1logo de Bombas\"}},{\"@type\":\"ListItem\",\"position\":3,\"item\":{\"@type\":\"WebPage\",\"@id\":\"https:\/\/mightypumps.com\/br\/catalogo-de-bombas\/jet-prime\/\",\"url\":\"https:\/\/mightypumps.com\/br\/catalogo-de-bombas\/jet-prime\/\",\"name\":\"Jet Prime\"}}]}]}<\/script>\n<!-- \/ Yoast SEO plugin. -->","_links":{"self":[{"href":"https:\/\/mightypumps.com\/br\/wp-json\/wp\/v2\/pages\/15"}],"collection":[{"href":"https:\/\/mightypumps.com\/br\/wp-json\/wp\/v2\/pages"}],"about":[{"href":"https:\/\/mightypumps.com\/br\/wp-json\/wp\/v2\/types\/page"}],"author":[{"embeddable":true,"href":"https:\/\/mightypumps.com\/br\/wp-json\/wp\/v2\/users\/4"}],"replies":[{"embeddable":true,"href":"https:\/\/mightypumps.com\/br\/wp-json\/wp\/v2\/comments?post=15"}],"version-history":[{"count":0,"href":"https:\/\/mightypumps.com\/br\/wp-json\/wp\/v2\/pages\/15\/revisions"}],"up":[{"embeddable":true,"href":"https:\/\/mightypumps.com\/br\/wp-json\/wp\/v2\/pages\/13"}],"wp:attachment":[{"href":"https:\/\/mightypumps.com\/br\/wp-json\/wp\/v2\/media?parent=15"}],"curies":[{"name":"wp","href":"https:\/\/api.w.org\/{rel}","templated":true}]}}