{"id":2,"date":"2018-05-18T23:59:13","date_gmt":"2018-05-19T02:59:13","guid":{"rendered":"https:\/\/mightypumps.com\/?page_id=2"},"modified":"2018-05-18T23:59:13","modified_gmt":"2018-05-19T02:59:13","slug":"home","status":"publish","type":"page","link":"https:\/\/mightypumps.com\/br\/","title":{"rendered":"Home"},"content":{"rendered":"<p>[vc_row][vc_column][rev_slider_vc alias=&#8221;home&#8221;][\/vc_column][\/vc_row][vc_row el_class=&#8221;type-product content&#8221; css=&#8221;.vc_custom_1527428975672{padding-top: 80px !important;padding-bottom: 155px !important;}&#8221;][vc_column][vc_column_text]<\/p>\n<h1>Conhe\u00e7a Nossas Linhas<\/h1>\n<p>[\/vc_column_text][vc_row_inner equal_height=&#8221;yes&#8221; css=&#8221;.vc_custom_1527427196761{margin-right: 0px !important;margin-bottom: 20px !important;margin-left: 0px !important;background-color: #ffffff !important;}&#8221;][vc_column_inner width=&#8221;1\/2&#8243; css=&#8221;.vc_custom_1526944407086{padding-top: 0px !important;padding-right: 0px !important;padding-left: 0px !important;}&#8221;][vc_single_image image=&#8221;37&#8243; img_size=&#8221;full&#8221; css_animation=&#8221;none&#8221; css=&#8221;.vc_custom_1527435703455{margin-bottom: 0px !important;}&#8221;][\/vc_column_inner][vc_column_inner width=&#8221;1\/2&#8243; css=&#8221;.vc_custom_1527426438509{padding-top: 32px !important;padding-right: 45px !important;padding-bottom: 90px !important;padding-left: 45px !important;}&#8221;][vc_column_text css_animation=&#8221;none&#8221; css=&#8221;.vc_custom_1549027586858{margin-bottom: 0px !important;}&#8221;]<\/p>\n<h3>JET-PRIME<\/h3>\n<p>Nossas bombas Jet Prime s\u00e3o fabricadas para uso industrial robusto (Heavy Duty). Estas unidades s\u00e3o desenhadas para proporcionar maior mobilidade, bombeamento de s\u00f3lidos, performar em condi\u00e7\u00f5es clim\u00e1ticas extremas al\u00e9m de contarem com monitoramento remoto e Jet Priming.[\/vc_column_text][vc_btn title=&#8221;Veja Mais&#8221; style=&#8221;classic&#8221; color=&#8221;turquoise&#8221; css_animation=&#8221;none&#8221; link=&#8221;url:https%3A%2F%2Fmightypumps.com%2Fbr%2Fcatalogo-de-bombas%2Fjet-prime%2F|||&#8221;][\/vc_column_inner][\/vc_row_inner][vc_row_inner equal_height=&#8221;yes&#8221; css=&#8221;.vc_custom_1527386212271{margin-right: 0px !important;margin-left: 0px !important;background-color: #ffffff !important;}&#8221;][vc_column_inner width=&#8221;1\/2&#8243; css=&#8221;.vc_custom_1527426916948{padding-top: 32px !important;padding-right: 45px !important;padding-bottom: 90px !important;padding-left: 45px !important;}&#8221;][vc_column_text css_animation=&#8221;none&#8221; css=&#8221;.vc_custom_1549328548439{margin-bottom: 0px !important;}&#8221;]<\/p>\n<h3>El\u00e9tricas Submers\u00edveis<\/h3>\n<p>Mighty Pumps Submers\u00edveis apresentam uma variedade de tipos para diferentes aplica\u00e7\u00f5es de bombas. Todas as Mighty Pumps submers\u00edveis s\u00e3o fabricadas com os mais altos estandares de qualidade para atender os requisitos de suas demandas industriais.[\/vc_column_text][vc_btn title=&#8221;Veja Mais&#8221; style=&#8221;classic&#8221; color=&#8221;turquoise&#8221; css_animation=&#8221;none&#8221; link=&#8221;url:https%3A%2F%2Fmightypumps.com%2Fbr%2Fcatalogo-de-bombas%2Felectric-submersibles%2F|||&#8221;][\/vc_column_inner][vc_column_inner width=&#8221;1\/2&#8243; css=&#8221;.vc_custom_1527426960025{padding-top: 0px !important;padding-right: 0px !important;padding-left: 0px !important;}&#8221;][vc_single_image image=&#8221;36&#8243; img_size=&#8221;full&#8221; alignment=&#8221;right&#8221; css_animation=&#8221;none&#8221; css=&#8221;.vc_custom_1527435741367{margin-bottom: 0px !important;}&#8221;][\/vc_column_inner][\/vc_row_inner][\/vc_column][\/vc_row][vc_row el_class=&#8221;call-to-action&#8221; css=&#8221;.vc_custom_1527430298434{background-image: url(https:\/\/mightypumps.com\/wp-content\/uploads\/2018\/05\/bg-call.jpg?id=105) !important;background-position: center !important;background-repeat: no-repeat !important;background-size: cover !important;}&#8221;][vc_column][vc_row_inner el_class=&#8221;content&#8221;][vc_column_inner width=&#8221;1\/2&#8243;][vc_column_text css_animation=&#8221;fadeInLeftBig&#8221;]<\/p>\n<h3>Porqu\u00ea<br \/>\nMighty Pumps?<\/h3>\n<p>As Mighty Pumps s\u00e3o bombas de alta efici\u00eancia com Jet-Priming autom\u00e1tico, eixos de a\u00e7o inoxid\u00e1vel e carbonos de tungst\u00eanio Cycloseals de funcionamento a seco cont\u00ednuo que aumentam a vida \u00fatil da veda\u00e7\u00e3o em at\u00e9 tr\u00eas vezes mais do que os vedantes mec\u00e2nicos t\u00edpicos[\/vc_column_text][vc_btn title=&#8221;Veja Mais&#8221; color=&#8221;white&#8221; css_animation=&#8221;fadeInLeftBig&#8221; link=&#8221;url:http%3A%2F%2Fmightypumps.com%2Fbr%2Fcatalogo-de-bombas%2F|||&#8221;][\/vc_column_inner][vc_column_inner width=&#8221;1\/2&#8243;][\/vc_column_inner][\/vc_row_inner][\/vc_column][\/vc_row][vc_row el_class=&#8221;pumping-selector&#8221; css=&#8221;.vc_custom_1527432065445{background-image: url(https:\/\/mightypumps.com\/wp-content\/uploads\/2018\/05\/bg-pumping-selector.jpg?id=110) !important;background-position: center !important;background-repeat: no-repeat !important;background-size: cover !important;}&#8221;][vc_column][vc_row_inner el_class=&#8221;content&#8221;][vc_column_inner width=&#8221;1\/2&#8243;][vc_column_text css_animation=&#8221;fadeIn&#8221;]<\/p>\n<h2>Recomende uma bomba para mim<\/h2>\n<p>Permita-nos apresentar as melhores solu\u00e7\u00f5es para sua necessidade de bombeamento[\/vc_column_text][vc_btn title=&#8221;Comece J\u00e1&#8221; color=&#8221;blue&#8221; css_animation=&#8221;fadeIn&#8221; css=&#8221;.vc_custom_1548970348659{margin-top: 50px !important;margin-bottom: 0px !important;}&#8221; link=&#8221;url:http%3A%2F%2Fmightypumps.com%2Fbr%2Frecomende-pra-mim%2F|title:Recomende%20uma%20bomba%20para%20mim||&#8221;][\/vc_column_inner][vc_column_inner width=&#8221;1\/2&#8243;][vc_single_image image=&#8221;113&#8243; img_size=&#8221;full&#8221; alignment=&#8221;right&#8221; css_animation=&#8221;fadeInUp&#8221;][\/vc_column_inner][\/vc_row_inner][\/vc_column][\/vc_row]<\/p>\n","protected":false},"excerpt":{"rendered":"<p>[vc_row][vc_column][rev_slider_vc alias=&#8221;home&#8221;][\/vc_column][\/vc_row][vc_row el_class=&#8221;type-product content&#8221; css=&#8221;.vc_custom_1527428975672{padding-top: 80px !important;padding-bottom: 155px !important;}&#8221;][vc_column][vc_column_text] Conhe\u00e7a Nossas Linhas [\/vc_column_text][vc_row_inner equal_height=&#8221;yes&#8221; css=&#8221;.vc_custom_1527427196761{margin-right: 0px !important;margin-bottom: 20px !important;margin-left: 0px !important;background-color: #ffffff !important;}&#8221;][vc_column_inner width=&#8221;1\/2&#8243; css=&#8221;.vc_custom_1526944407086{padding-top: 0px !important;padding-right: 0px !important;padding-left: 0px !important;}&#8221;][vc_single_image image=&#8221;37&#8243; img_size=&#8221;full&#8221; css_animation=&#8221;none&#8221; css=&#8221;.vc_custom_1527435703455{margin-bottom: 0px !important;}&#8221;][\/vc_column_inner][vc_column_inner width=&#8221;1\/2&#8243; css=&#8221;.vc_custom_1527426438509{padding-top: 32px !important;padding-right: 45px !important;padding-bottom: 90px !important;padding-left: 45px !important;}&#8221;][vc_column_text css_animation=&#8221;none&#8221; css=&#8221;.vc_custom_1549027586858{margin-bottom: 0px !important;}&#8221;] JET-PRIME Nossas bombas Jet [&hellip;]<\/p>\n","protected":false},"author":4,"featured_media":0,"parent":0,"menu_order":0,"comment_status":"closed","ping_status":"open","template":"","meta":[],"yoast_head":"<!-- This site is optimized with the Yoast SEO plugin v16.1.1 - https:\/\/yoast.com\/wordpress\/plugins\/seo\/ -->\n<link rel=\"canonical\" href=\"https:\/\/mightypumps.com\/br\/\" \/>\n<meta property=\"og:locale\" content=\"pt_BR\" \/>\n<meta property=\"og:type\" content=\"article\" \/>\n<meta property=\"og:title\" content=\"Home - Mighty Pumps Brasil\" \/>\n<meta property=\"og:description\" content=\"[vc_row][vc_column][rev_slider_vc alias=&#8221;home&#8221;][\/vc_column][\/vc_row][vc_row el_class=&#8221;type-product content&#8221; css=&#8221;.vc_custom_1527428975672{padding-top: 80px !important;padding-bottom: 155px !important;}&#8221;][vc_column][vc_column_text] Conhe\u00e7a Nossas Linhas [\/vc_column_text][vc_row_inner equal_height=&#8221;yes&#8221; css=&#8221;.vc_custom_1527427196761{margin-right: 0px !important;margin-bottom: 20px !important;margin-left: 0px !important;background-color: #ffffff !important;}&#8221;][vc_column_inner width=&#8221;1\/2&#8243; css=&#8221;.vc_custom_1526944407086{padding-top: 0px !important;padding-right: 0px !important;padding-left: 0px !important;}&#8221;][vc_single_image image=&#8221;37&#8243; img_size=&#8221;full&#8221; css_animation=&#8221;none&#8221; css=&#8221;.vc_custom_1527435703455{margin-bottom: 0px !important;}&#8221;][\/vc_column_inner][vc_column_inner width=&#8221;1\/2&#8243; css=&#8221;.vc_custom_1527426438509{padding-top: 32px !important;padding-right: 45px !important;padding-bottom: 90px !important;padding-left: 45px !important;}&#8221;][vc_column_text css_animation=&#8221;none&#8221; css=&#8221;.vc_custom_1549027586858{margin-bottom: 0px !important;}&#8221;] JET-PRIME Nossas bombas Jet [&hellip;]\" \/>\n<meta property=\"og:url\" content=\"https:\/\/mightypumps.com\/br\/\" \/>\n<meta property=\"og:site_name\" content=\"Mighty Pumps Brasil\" \/>\n<meta name=\"twitter:card\" content=\"summary_large_image\" \/>\n<meta name=\"twitter:label1\" content=\"Est. tempo de leitura\">\n\t<meta name=\"twitter:data1\" content=\"3 minutos\">\n<script type=\"application\/ld+json\" class=\"yoast-schema-graph\">{\"@context\":\"https:\/\/schema.org\",\"@graph\":[{\"@type\":\"WebSite\",\"@id\":\"https:\/\/mightypumps.com\/br\/#website\",\"url\":\"https:\/\/mightypumps.com\/br\/\",\"name\":\"Mighty Pumps Brasil\",\"description\":\"\",\"potentialAction\":[{\"@type\":\"SearchAction\",\"target\":\"https:\/\/mightypumps.com\/br\/?s={search_term_string}\",\"query-input\":\"required name=search_term_string\"}],\"inLanguage\":\"pt-BR\"},{\"@type\":\"WebPage\",\"@id\":\"https:\/\/mightypumps.com\/br\/#webpage\",\"url\":\"https:\/\/mightypumps.com\/br\/\",\"name\":\"Home - Mighty Pumps Brasil\",\"isPartOf\":{\"@id\":\"https:\/\/mightypumps.com\/br\/#website\"},\"datePublished\":\"2018-05-19T02:59:13+00:00\",\"dateModified\":\"2018-05-19T02:59:13+00:00\",\"breadcrumb\":{\"@id\":\"https:\/\/mightypumps.com\/br\/#breadcrumb\"},\"inLanguage\":\"pt-BR\",\"potentialAction\":[{\"@type\":\"ReadAction\",\"target\":[\"https:\/\/mightypumps.com\/br\/\"]}]},{\"@type\":\"BreadcrumbList\",\"@id\":\"https:\/\/mightypumps.com\/br\/#breadcrumb\",\"itemListElement\":[{\"@type\":\"ListItem\",\"position\":1,\"item\":{\"@type\":\"WebPage\",\"@id\":\"https:\/\/mightypumps.com\/br\/\",\"url\":\"https:\/\/mightypumps.com\/br\/\",\"name\":\"In\\u00edcio\"}},{\"@type\":\"ListItem\",\"position\":2,\"item\":{\"@type\":\"WebPage\",\"@id\":\"https:\/\/mightypumps.com\/br\/\",\"url\":\"https:\/\/mightypumps.com\/br\/\",\"name\":\"Home\"}}]}]}<\/script>\n<!-- \/ Yoast SEO plugin. -->","_links":{"self":[{"href":"https:\/\/mightypumps.com\/br\/wp-json\/wp\/v2\/pages\/2"}],"collection":[{"href":"https:\/\/mightypumps.com\/br\/wp-json\/wp\/v2\/pages"}],"about":[{"href":"https:\/\/mightypumps.com\/br\/wp-json\/wp\/v2\/types\/page"}],"author":[{"embeddable":true,"href":"https:\/\/mightypumps.com\/br\/wp-json\/wp\/v2\/users\/4"}],"replies":[{"embeddable":true,"href":"https:\/\/mightypumps.com\/br\/wp-json\/wp\/v2\/comments?post=2"}],"version-history":[{"count":0,"href":"https:\/\/mightypumps.com\/br\/wp-json\/wp\/v2\/pages\/2\/revisions"}],"wp:attachment":[{"href":"https:\/\/mightypumps.com\/br\/wp-json\/wp\/v2\/media?parent=2"}],"curies":[{"name":"wp","href":"https:\/\/api.w.org\/{rel}","templated":true}]}}