{"id":203,"date":"2018-05-27T22:03:22","date_gmt":"2018-05-27T22:03:22","guid":{"rendered":"https:\/\/mightypumps.com\/?page_id=203"},"modified":"2018-05-27T22:03:22","modified_gmt":"2018-05-27T22:03:22","slug":"electric-submersibles","status":"publish","type":"page","link":"https:\/\/mightypumps.com\/br\/catalogo-de-bombas\/electric-submersibles\/","title":{"rendered":"El\u00e9tricas Submers\u00edveis"},"content":{"rendered":"<p>[vc_row][vc_column css=&#8221;.vc_custom_1532549328655{margin-bottom: 0px !important;background-position: center !important;background-repeat: no-repeat !important;background-size: cover !important;}&#8221;][rev_slider_vc alias=&#8221;electric-submersibles&#8221;][\/vc_column][\/vc_row][vc_row css=&#8221;.vc_custom_1527460070328{background-color: #12acaa !important;}&#8221; el_class=&#8221;box-features&#8221;][vc_column css=&#8221;.vc_custom_1527461638048{padding-top: 40px !important;padding-bottom: 80px !important;}&#8221;][vc_custom_heading text=&#8221;Features&#8221; font_container=&#8221;tag:h1|font_size:49px|text_align:center|color:%23ffffff|line_height:55px&#8221; google_fonts=&#8221;font_family:Open%20Sans%3A300%2C300italic%2Cregular%2Citalic%2C600%2C600italic%2C700%2C700italic%2C800%2C800italic|font_style:800%20bold%20regular%3A800%3Anormal&#8221;][vc_row_inner equal_height=&#8221;yes&#8221; el_class=&#8221;content&#8221; css=&#8221;.vc_custom_1527461519839{margin-top: 44px !important;}&#8221;][vc_column_inner width=&#8221;1\/3&#8243;][vc_column_text css=&#8221;.vc_custom_1548961088264{margin-bottom: 0px !important;}&#8221;]<strong><img loading=\"lazy\" class=\"alignnone size-full wp-image-687\" src=\"https:\/\/mightypumps.com\/wp-content\/uploads\/2018\/07\/ico-prime.png\" alt=\"\" width=\"77\" height=\"77\" \/><\/strong><\/p>\n<p><strong>Prote\u00e7\u00e3o T\u00e9rmica<\/strong><\/p>\n<p>Interruptores t\u00e9rmicos entre os rolamentos para proporcionar o restabelecimento automatico do contato.[\/vc_column_text][\/vc_column_inner][vc_column_inner width=&#8221;1\/3&#8243;][vc_column_text css=&#8221;.vc_custom_1548961107918{margin-bottom: 0px !important;}&#8221;]<img loading=\"lazy\" src=\"https:\/\/mightypumps.com\/wp-content\/uploads\/2018\/05\/ico-bath.png\" alt=\"\" width=\"77\" height=\"77\" \/><\/p>\n<p><strong>ROLAMENTOS<\/strong><\/p>\n<p>Selados e lubrificados por vida para minimizar manuten\u00e7\u00e3o. [\/vc_column_text][\/vc_column_inner][vc_column_inner width=&#8221;1\/3&#8243;][vc_column_text css=&#8221;.vc_custom_1548961140835{margin-bottom: 0px !important;}&#8221;]<img loading=\"lazy\" src=\"https:\/\/mightypumps.com\/wp-content\/uploads\/2018\/05\/ico-containers.png\" alt=\"\" width=\"77\" height=\"77\" \/><\/p>\n<p><strong>SELOS MEC\u00c2NICOS<\/strong><\/p>\n<p>Sistema de selagem tandem para maxima prote\u00e7\u00e3o contra vazamento.[\/vc_column_text][\/vc_column_inner][\/vc_row_inner][vc_row_inner equal_height=&#8221;yes&#8221; el_class=&#8221;content&#8221; css=&#8221;.vc_custom_1527461528062{margin-top: 84px !important;}&#8221;][vc_column_inner width=&#8221;1\/3&#8243;][vc_column_text css=&#8221;.vc_custom_1548961169366{margin-bottom: 0px !important;}&#8221;]<strong><img loading=\"lazy\" class=\"alignnone size-full wp-image-686\" src=\"https:\/\/mightypumps.com\/wp-content\/uploads\/2018\/07\/ico-proof-1.png\" alt=\"\" width=\"77\" height=\"77\" \/><\/strong><\/p>\n<p><strong>CHAPA DE A\u00c7O<\/strong><\/p>\n<p>F\u00e1cil de ajustar, coberta com chapa resistente de borrachada nitr\u00edlica dispon\u00edvel em varias op\u00e7\u00f5es.[\/vc_column_text][\/vc_column_inner][vc_column_inner width=&#8221;1\/3&#8243;][vc_column_text css=&#8221;.vc_custom_1548961190167{margin-bottom: 0px !important;}&#8221;]<img loading=\"lazy\" src=\"https:\/\/mightypumps.com\/wp-content\/uploads\/2018\/05\/ico-design.png\" alt=\"\" width=\"77\" height=\"77\" \/><\/p>\n<p><strong>DESIGN EFICIENTE<\/strong><\/p>\n<p>A bomba \u00e9 desenhada para desempenhar m\u00e1xima performance com a energia pr\u00f3pria. [\/vc_column_text][\/vc_column_inner][\/vc_row_inner][\/vc_column][\/vc_row][vc_row el_class=&#8221;content box-list-pumps&#8221;][vc_column css=&#8221;.vc_custom_1527468841900{padding-top: 75px !important;}&#8221;][vc_custom_heading text=&#8221;Conhe\u00e7a Nossas Bombas El\u00e9tricas Submers\u00edveis&#8221; font_container=&#8221;tag:h1|font_size:48px|text_align:center|color:%23231f20|line_height:55px&#8221; google_fonts=&#8221;font_family:Open%20Sans%3A300%2C300italic%2Cregular%2Citalic%2C600%2C600italic%2C700%2C700italic%2C800%2C800italic|font_style:800%20bold%20regular%3A800%3Anormal&#8221;][vc_column_text][\/vc_column_text]<ul class=\"list-pumps\"><li>\n          <figure>\n            <img src=\"\">\n          <\/figure>\n\n          <div>\n            <h3>High Head Dewatering<\/h3>\n            <span>Dewatering pumps can move liquids to higher heads.<\/span>\n            <a href=\"https:\/\/mightypumps.com\/br\/catalogs\/electric-submersibles\/high-head-dewatering\/\" class=\"btn\" title=\"View More\">View More<\/a>\n          <\/div>\n        <\/li><li>\n          <figure>\n            <img src=\"\">\n          <\/figure>\n\n          <div>\n            <h3>High Volume Dewatering<\/h3>\n            <span>Dewatering pumps can move large volumes of liquids.<\/span>\n            <a href=\"https:\/\/mightypumps.com\/br\/catalogs\/electric-submersibles\/high-volume-dewatering\/\" class=\"btn\" title=\"View More\">View More<\/a>\n          <\/div>\n        <\/li><li>\n          <figure>\n            <img src=\"\">\n          <\/figure>\n\n          <div>\n            <h3>Low Suction Dewatering<\/h3>\n            <span>Low Suction Electronic Submersible Pumps are designed for continuous duty with stable operating performance for handling residual water.<\/span>\n            <a href=\"https:\/\/mightypumps.com\/br\/catalogs\/electric-submersibles\/low-suction-dewatering\/\" class=\"btn\" title=\"View More\">View More<\/a>\n          <\/div>\n        <\/li><li>\n          <figure>\n            <img src=\"\">\n          <\/figure>\n\n          <div>\n            <h3>Sewage\/Wastewater Series<\/h3>\n            <span>Sewage\/Wastewater MightyPumps\u0099 have a recessed vortex impeller whichmake them capable of handling 2 inch solids for clog free performance.<\/span>\n            <a href=\"https:\/\/mightypumps.com\/br\/catalogs\/electric-submersibles\/sewage-wastewater-series\/\" class=\"btn\" title=\"View More\">View More<\/a>\n          <\/div>\n        <\/li><li>\n          <figure>\n            <img src=\"\">\n          <\/figure>\n\n          <div>\n            <h3>Sludge Handling<\/h3>\n            <span>Heavy duty electric submersible slurry pump designed for pumping sludge and slurry mixtures<\/span>\n            <a href=\"https:\/\/mightypumps.com\/br\/catalogs\/electric-submersibles\/sludge-handling\/\" class=\"btn\" title=\"View More\">View More<\/a>\n          <\/div>\n        <\/li><li>\n          <figure>\n            <img src=\"\">\n          <\/figure>\n\n          <div>\n            <h3>Stainless Steel Dewatering<\/h3>\n            <span>Electrical Submersible Stainless Steel (SSS) Dewatering Pumps are designed for a variety of heavy duty dewatering applications<\/span>\n            <a href=\"https:\/\/mightypumps.com\/br\/catalogs\/electric-submersibles\/stainless-steel-dewatering\/\" class=\"btn\" title=\"View More\">View More<\/a>\n          <\/div>\n        <\/li><\/ul>[\/vc_column][\/vc_row]<\/p>\n","protected":false},"excerpt":{"rendered":"<p>[vc_row][vc_column css=&#8221;.vc_custom_1532549328655{margin-bottom: 0px !important;background-position: center !important;background-repeat: no-repeat !important;background-size: cover !important;}&#8221;][rev_slider_vc alias=&#8221;electric-submersibles&#8221;][\/vc_column][\/vc_row][vc_row css=&#8221;.vc_custom_1527460070328{background-color: #12acaa !important;}&#8221; el_class=&#8221;box-features&#8221;][vc_column css=&#8221;.vc_custom_1527461638048{padding-top: 40px !important;padding-bottom: 80px !important;}&#8221;][vc_custom_heading text=&#8221;Features&#8221; font_container=&#8221;tag:h1|font_size:49px|text_align:center|color:%23ffffff|line_height:55px&#8221; google_fonts=&#8221;font_family:Open%20Sans%3A300%2C300italic%2Cregular%2Citalic%2C600%2C600italic%2C700%2C700italic%2C800%2C800italic|font_style:800%20bold%20regular%3A800%3Anormal&#8221;][vc_row_inner equal_height=&#8221;yes&#8221; el_class=&#8221;content&#8221; css=&#8221;.vc_custom_1527461519839{margin-top: 44px !important;}&#8221;][vc_column_inner width=&#8221;1\/3&#8243;][vc_column_text css=&#8221;.vc_custom_1548961088264{margin-bottom: 0px !important;}&#8221;] Prote\u00e7\u00e3o T\u00e9rmica Interruptores t\u00e9rmicos entre os rolamentos para proporcionar o restabelecimento automatico do contato.[\/vc_column_text][\/vc_column_inner][vc_column_inner width=&#8221;1\/3&#8243;][vc_column_text css=&#8221;.vc_custom_1548961107918{margin-bottom: 0px !important;}&#8221;] ROLAMENTOS Selados e lubrificados por [&hellip;]<\/p>\n","protected":false},"author":4,"featured_media":0,"parent":13,"menu_order":0,"comment_status":"closed","ping_status":"closed","template":"","meta":[],"yoast_head":"<!-- This site is optimized with the Yoast SEO plugin v16.1.1 - https:\/\/yoast.com\/wordpress\/plugins\/seo\/ -->\n<link rel=\"canonical\" href=\"https:\/\/mightypumps.com\/br\/catalogo-de-bombas\/electric-submersibles\/\" \/>\n<meta property=\"og:locale\" content=\"pt_BR\" \/>\n<meta property=\"og:type\" content=\"article\" \/>\n<meta property=\"og:title\" content=\"El\u00e9tricas Submers\u00edveis - Mighty Pumps Brasil\" \/>\n<meta property=\"og:description\" content=\"[vc_row][vc_column css=&#8221;.vc_custom_1532549328655{margin-bottom: 0px !important;background-position: center !important;background-repeat: no-repeat !important;background-size: cover !important;}&#8221;][rev_slider_vc alias=&#8221;electric-submersibles&#8221;][\/vc_column][\/vc_row][vc_row css=&#8221;.vc_custom_1527460070328{background-color: #12acaa !important;}&#8221; el_class=&#8221;box-features&#8221;][vc_column css=&#8221;.vc_custom_1527461638048{padding-top: 40px !important;padding-bottom: 80px !important;}&#8221;][vc_custom_heading text=&#8221;Features&#8221; font_container=&#8221;tag:h1|font_size:49px|text_align:center|color:%23ffffff|line_height:55px&#8221; google_fonts=&#8221;font_family:Open%20Sans%3A300%2C300italic%2Cregular%2Citalic%2C600%2C600italic%2C700%2C700italic%2C800%2C800italic|font_style:800%20bold%20regular%3A800%3Anormal&#8221;][vc_row_inner equal_height=&#8221;yes&#8221; el_class=&#8221;content&#8221; css=&#8221;.vc_custom_1527461519839{margin-top: 44px !important;}&#8221;][vc_column_inner width=&#8221;1\/3&#8243;][vc_column_text css=&#8221;.vc_custom_1548961088264{margin-bottom: 0px !important;}&#8221;] Prote\u00e7\u00e3o T\u00e9rmica Interruptores t\u00e9rmicos entre os rolamentos para proporcionar o restabelecimento automatico do contato.[\/vc_column_text][\/vc_column_inner][vc_column_inner width=&#8221;1\/3&#8243;][vc_column_text css=&#8221;.vc_custom_1548961107918{margin-bottom: 0px !important;}&#8221;] ROLAMENTOS Selados e lubrificados por [&hellip;]\" \/>\n<meta property=\"og:url\" content=\"https:\/\/mightypumps.com\/br\/catalogo-de-bombas\/electric-submersibles\/\" \/>\n<meta property=\"og:site_name\" content=\"Mighty Pumps Brasil\" \/>\n<meta property=\"og:image\" content=\"https:\/\/mightypumps.com\/wp-content\/uploads\/2018\/07\/ico-prime.png\" \/>\n<meta name=\"twitter:card\" content=\"summary_large_image\" \/>\n<meta name=\"twitter:label1\" content=\"Est. tempo de leitura\">\n\t<meta name=\"twitter:data1\" content=\"2 minutos\">\n<script type=\"application\/ld+json\" class=\"yoast-schema-graph\">{\"@context\":\"https:\/\/schema.org\",\"@graph\":[{\"@type\":\"WebSite\",\"@id\":\"https:\/\/mightypumps.com\/br\/#website\",\"url\":\"https:\/\/mightypumps.com\/br\/\",\"name\":\"Mighty Pumps Brasil\",\"description\":\"\",\"potentialAction\":[{\"@type\":\"SearchAction\",\"target\":\"https:\/\/mightypumps.com\/br\/?s={search_term_string}\",\"query-input\":\"required name=search_term_string\"}],\"inLanguage\":\"pt-BR\"},{\"@type\":\"ImageObject\",\"@id\":\"https:\/\/mightypumps.com\/br\/catalogo-de-bombas\/electric-submersibles\/#primaryimage\",\"inLanguage\":\"pt-BR\",\"url\":\"https:\/\/mightypumps.com\/wp-content\/uploads\/2018\/07\/ico-prime.png\",\"contentUrl\":\"https:\/\/mightypumps.com\/wp-content\/uploads\/2018\/07\/ico-prime.png\"},{\"@type\":\"WebPage\",\"@id\":\"https:\/\/mightypumps.com\/br\/catalogo-de-bombas\/electric-submersibles\/#webpage\",\"url\":\"https:\/\/mightypumps.com\/br\/catalogo-de-bombas\/electric-submersibles\/\",\"name\":\"El\\u00e9tricas Submers\\u00edveis - Mighty Pumps Brasil\",\"isPartOf\":{\"@id\":\"https:\/\/mightypumps.com\/br\/#website\"},\"primaryImageOfPage\":{\"@id\":\"https:\/\/mightypumps.com\/br\/catalogo-de-bombas\/electric-submersibles\/#primaryimage\"},\"datePublished\":\"2018-05-27T22:03:22+00:00\",\"dateModified\":\"2018-05-27T22:03:22+00:00\",\"breadcrumb\":{\"@id\":\"https:\/\/mightypumps.com\/br\/catalogo-de-bombas\/electric-submersibles\/#breadcrumb\"},\"inLanguage\":\"pt-BR\",\"potentialAction\":[{\"@type\":\"ReadAction\",\"target\":[\"https:\/\/mightypumps.com\/br\/catalogo-de-bombas\/electric-submersibles\/\"]}]},{\"@type\":\"BreadcrumbList\",\"@id\":\"https:\/\/mightypumps.com\/br\/catalogo-de-bombas\/electric-submersibles\/#breadcrumb\",\"itemListElement\":[{\"@type\":\"ListItem\",\"position\":1,\"item\":{\"@type\":\"WebPage\",\"@id\":\"https:\/\/mightypumps.com\/br\/\",\"url\":\"https:\/\/mightypumps.com\/br\/\",\"name\":\"In\\u00edcio\"}},{\"@type\":\"ListItem\",\"position\":2,\"item\":{\"@type\":\"WebPage\",\"@id\":\"https:\/\/mightypumps.com\/br\/catalogo-de-bombas\/\",\"url\":\"https:\/\/mightypumps.com\/br\/catalogo-de-bombas\/\",\"name\":\"Cat\\u00e1logo de Bombas\"}},{\"@type\":\"ListItem\",\"position\":3,\"item\":{\"@type\":\"WebPage\",\"@id\":\"https:\/\/mightypumps.com\/br\/catalogo-de-bombas\/electric-submersibles\/\",\"url\":\"https:\/\/mightypumps.com\/br\/catalogo-de-bombas\/electric-submersibles\/\",\"name\":\"El\\u00e9tricas Submers\\u00edveis\"}}]}]}<\/script>\n<!-- \/ Yoast SEO plugin. -->","_links":{"self":[{"href":"https:\/\/mightypumps.com\/br\/wp-json\/wp\/v2\/pages\/203"}],"collection":[{"href":"https:\/\/mightypumps.com\/br\/wp-json\/wp\/v2\/pages"}],"about":[{"href":"https:\/\/mightypumps.com\/br\/wp-json\/wp\/v2\/types\/page"}],"author":[{"embeddable":true,"href":"https:\/\/mightypumps.com\/br\/wp-json\/wp\/v2\/users\/4"}],"replies":[{"embeddable":true,"href":"https:\/\/mightypumps.com\/br\/wp-json\/wp\/v2\/comments?post=203"}],"version-history":[{"count":0,"href":"https:\/\/mightypumps.com\/br\/wp-json\/wp\/v2\/pages\/203\/revisions"}],"up":[{"embeddable":true,"href":"https:\/\/mightypumps.com\/br\/wp-json\/wp\/v2\/pages\/13"}],"wp:attachment":[{"href":"https:\/\/mightypumps.com\/br\/wp-json\/wp\/v2\/media?parent=203"}],"curies":[{"name":"wp","href":"https:\/\/api.w.org\/{rel}","templated":true}]}}